{"id":10,"date":"2013-03-21T22:20:51","date_gmt":"2013-03-21T22:20:51","guid":{"rendered":"http:\/\/v2.clotildevautier.org\/?page_id=10"},"modified":"2018-04-13T20:47:27","modified_gmt":"2018-04-13T19:47:27","slug":"expositions","status":"publish","type":"page","link":"https:\/\/clotildevautier.fr\/?page_id=10","title":{"rendered":"expositions posthumes"},"content":{"rendered":"<p>2010<\/p>\n<p>Mars : exposition \u00e0 la galerie de la Ligue de l&rsquo;Enseignement, dans le cadre du festival Quartiers en sc\u00e8ne organis\u00e9 par le Cercle Paul Bert, dont le th\u00e8me \u00e9tait &laquo;&nbsp;Parcours de femmes&nbsp;&raquo; et qui propose \u00e9galement quatre projections du film Histoire d&rsquo;un secret.<\/p>\n<p>Octobre : exposition \u00e0 la galerie de la Ligue de l&rsquo;Enseignement, des Oeuvres retrouv\u00e9es de Clotilde Vautier. Pr\u00e9sentation de la nouvelle \u00e9dition du livre Clotilde Vautier\u00a0 qui comprend les oeuvres expos\u00e9es.<\/p>\n<p>Novembre 2010-janvier 2011 : exposition \u00e0 l&rsquo;Espace-Galerie des Editions Des Femmes, 35 rue Jacob, \u00e0 Paris (6e)<\/p>\n<p>2009<\/p>\n<p>Janvier-f\u00e9vrier : exposition \u00e0 la Mairie du 3e arrondissement de Paris, inaugur\u00e9e par Madame Simone Veil, le 16 janvier, pour comm\u00e9morer le 34e anniversaire de la loi qui porte son nom.<\/p>\n<p>Mars : dans le cadre des Journ\u00e9es internationales des Femmes, la Ville de Rennes rend hommage \u00e0 Clotilde Vautier par l&rsquo;inauguration du plaque au 27, rue de la Marbaudais, o\u00f9 elle v\u00e9cut et travailla, une conf\u00e9rence, Clotilde Vautier : l&rsquo;\u00e9loquence \u00e0 fleur de toile, la projection de Histoire d&rsquo;un secret et deux expositions, Femmes (dessins), \u00e0 l&rsquo;office de Tourisme, et Femmes (peintures) au Carr\u00e9 Lulli de l&rsquo;Op\u00e9ra de Rennes.<\/p>\n<p>Septembre : le Conseil G\u00e9n\u00e9ral d&rsquo;Ille-et-Vilaine donne le nom de Clotilde Vautier au coll\u00e8ge de la Motte-Br\u00fblon, \u00e0 Rennes, qui en a fait la demande.<\/p>\n<p>2008<\/p>\n<p>Janvier : le Mouvement Fran\u00e7ais pour le Planning Familial illustre sa carte de voeux pour 2008 d&rsquo;un dessin de Clotilde Vautier.<\/p>\n<p>F\u00e9vrier-mars : exposition Les amies de Clotilde, au Centre culturel du Matadero, \u00e0 Huesca (Espagne), dans le cadre du 7e festival de films r\u00e9alis\u00e9s par des femmes dont Histoire d&rsquo;un secret, de Mariana Otero, fait l&rsquo;ouverture.<\/p>\n<p>F\u00e9vrier-mars : exposition Les amies de Clotilde, \u00e0 l&rsquo;Espace Arts Plastiques, \u00e0 Saint-Valliers-sur Rh\u00f4ne<\/p>\n<p>2007<\/p>\n<p>D\u00e9cembre : inauguration des Villas Clotilde, un ensemble de neuf maisons de ville \u00e9difi\u00e9 par l&rsquo;organisme de construction sociale Archipel-habitat, rue Clotilde-Vautier, \u00e0 Rennes (quartier de Beauregard).<\/p>\n<p>2006<\/p>\n<p>F\u00e9vrier : R\u00e9trospective aux Ecuries des Carmes du Mus\u00e9e des Beaux-arts d&rsquo;Aurillac (Cantal)<\/p>\n<p>Juillet-ao\u00fbt : Exposition Les femmes \u00e0 leur toilette, au Centre culturel de Rosporden, Finist\u00e8re<\/p>\n<p>Septembre-octobre : r\u00e9trospective au Centre d&rsquo;Animation de La Forge, \u00e0 Saint-Gr\u00e9goire (Ille-et-Vilaine)<\/p>\n<p>Novembre-d\u00e9cembre : r\u00e9trospective au Centre Culturel Andr\u00e9-Malraux, \u00e0 Agen, dans le cadre du festival Le 7e art et les autres dont Histoire d&rsquo;un secret, de Mariana Otero, fait l&rsquo;ouverture.<\/p>\n<p>2005<br \/>\nJanvier-f\u00e9vrier : Exposition \u00e0 la Coll\u00e9giale Saint-Pierre du Mus\u00e9e du Mans (Sarthe).<\/p>\n<p>F\u00e9vrier : Exposition Les nus r\u00e9v\u00e9l\u00e9s de Clotilde Vautier, \u00e0 l\u2019Ecole Sup\u00e9rieure d\u2019art de Brest (Finist\u00e8re).<\/p>\n<p>Mars : Exposition \u00e0 l\u2019Espace culturel Hippolyte-Mars, \u00e0 Equeurdreville (Manche).<\/p>\n<p>Avril : Exposition \u00e0 la Halle-aux-grains de Mortagne-au-Perche (Orne).<\/p>\n<p>Septembre : exposition \u00e0 la Salle des F\u00eates des Halles de Douarnenez (Finist\u00e8re).<\/p>\n<p>2004<\/p>\n<p>Janvier : exposition \u00e0 la galerie de l&rsquo;association L&rsquo;Atelier, \u00e0 Auch<\/p>\n<p>octobre :\u00a0 grande exposition\u00a0 r\u00e9trospective au Th\u00e9\u00e2tre National de Bretagne \u00e0l&rsquo;occasion de la parution, aux Editions du Carabe, \u00e0 Rennes, du livre Clotilde Vautier, pr\u00e9sentant l&rsquo;oeuvre complet accompagn\u00e9 du DVD du film Histoire d&rsquo;un secret<\/p>\n<p>Novembre : Exposition au Mus\u00e9e et au Th\u00e9\u00e2tre de Vire (Calvados).<\/p>\n<p>2010<\/p>\n<p>Mars : exposition \u00e0 la galerie de la Ligue de l&rsquo;Enseignement, dans le cadre du festival Quartiers en sc\u00e8ne organis\u00e9 par le Cercle Paul Bert, dont le th\u00e8me \u00e9tait &laquo;&nbsp;Parcours de femmes&nbsp;&raquo; et qui propose \u00e9galement quatre projections du film Histoire d&rsquo;un secret.<\/p>\n<p>2009<\/p>\n<p>Janvier-f\u00e9vrier : exposition \u00e0 la Mairie du 3e arrondissement de Paris, inaugur\u00e9e par Madame Simone Veil, le 16 janvier, pour comm\u00e9morer le 34e anniversaire de la loi qui porte son nom.<\/p>\n<p>Mars : dans le cadre des Journ\u00e9es internationales des Femmes, la Ville de Rennes rend hommage \u00e0 Clotilde Vautier par l&rsquo;inauguration du plaque au 27, rue de la Marbaudais, o\u00f9 elle v\u00e9cut et travailla, une conf\u00e9rence, Clotilde Vautier : l&rsquo;\u00e9loquence \u00e0 fleur de toile, la projection de Histoire d&rsquo;un secret et deux expositions, Femmes (dessins), \u00e0 l&rsquo;office de Tourisme, et Femmes (peintures) au Carr\u00e9 Lulli de l&rsquo;Op\u00e9ra de Rennes.<\/p>\n<p>Septembre : le Conseil G\u00e9n\u00e9ral d&rsquo;Ille-et-Vilaine donne le nom de Clotilde Vautier au coll\u00e8ge de la Motte-Br\u00fblon, \u00e0 Rennes, qui en a fait la demande.<\/p>\n<p>2008<\/p>\n<p>Janvier : le Mouvement Fran\u00e7ais pour le Planning Familial illustre sa carte de voeux pour 2008 d&rsquo;un dessin de Clotilde Vautier.<\/p>\n<p>F\u00e9vrier-mars : exposition Les amies de Clotilde, au Centre culturel du Matadero, \u00e0 Huesca (Espagne), dans le cadre du 7e festival de films r\u00e9alis\u00e9s par des femmes dont Histoire d&rsquo;un secret, de Mariana Otero, fait l&rsquo;ouverture.<\/p>\n<p>F\u00e9vrier-mars : exposition Les amies de Clotilde, \u00e0 l&rsquo;Espace Arts Plastiques, \u00e0 Saint-Valliers-sur Rh\u00f4ne<\/p>\n<p>2007<\/p>\n<p>D\u00e9cembre : inauguration des Villas Clotilde, un ensemble de neuf maisons de ville \u00e9difi\u00e9 par l&rsquo;organisme de construction sociale Archipel-habitat, rue Clotilde-Vautier, \u00e0 Rennes (quartier de Beauregard).<\/p>\n<p>2006<\/p>\n<p>F\u00e9vrier : R\u00e9trospective aux Ecuries des Carmes du Mus\u00e9e des Beaux-arts d&rsquo;Aurillac (Cantal)<\/p>\n<p>Juillet-ao\u00fbt : Exposition Les femmes \u00e0 leur toilette, au Centre culturel de Rosporden, Finist\u00e8re<\/p>\n<p>Septembre-octobre : r\u00e9trospective au Centre d&rsquo;Animation de La Forge, \u00e0 Saint-Gr\u00e9goire (Ille-et-Vilaine)<\/p>\n<p>Novembre-d\u00e9cembre : r\u00e9trospective au Centre Culturel Andr\u00e9-Malraux, \u00e0 Agen, dans le cadre du festival Le 7e art et les autres dont Histoire d&rsquo;un secret, de Mariana Otero, fait l&rsquo;ouverture.<\/p>\n<p>2005<br \/>\nJanvier-f\u00e9vrier : Exposition \u00e0 la Coll\u00e9giale Saint-Pierre du Mus\u00e9e du Mans (Sarthe).<\/p>\n<p>F\u00e9vrier : Exposition Les nus r\u00e9v\u00e9l\u00e9s de Clotilde Vautier, \u00e0 l\u2019Ecole Sup\u00e9rieure d\u2019art de Brest (Finist\u00e8re).<\/p>\n<p>Mars : Exposition \u00e0 l\u2019Espace culturel Hippolyte-Mars, \u00e0 Equeurdreville (Manche).<\/p>\n<p>Avril : Exposition \u00e0 la Halle-aux-grains de Mortagne-au-Perche (Orne).<\/p>\n<p>Septembre : exposition \u00e0 la Salle des F\u00eates des Halles de Douarnenez (Finist\u00e8re).<\/p>\n<p>2004<\/p>\n<p>Janvier : exposition \u00e0 la galerie de l&rsquo;association L&rsquo;Atelier, \u00e0 Auch<\/p>\n<p>octobre :\u00a0 grande exposition\u00a0 r\u00e9trospective au Th\u00e9\u00e2tre National de Bretagne \u00e0l&rsquo;occasion de la parution, aux Editions du Carabe, \u00e0 Rennes, du livre Clotilde Vautier, pr\u00e9sentant l&rsquo;oeuvre complet accompagn\u00e9 du DVD du film Histoire d&rsquo;un secret<\/p>\n<p>Novembre : Exposition au Mus\u00e9e et au Th\u00e9\u00e2tre de Vire (Calvados).<\/p>\n","protected":false},"excerpt":{"rendered":"<p>2010 Mars : exposition \u00e0 la galerie de la Ligue de l&rsquo;Enseignement, dans le cadre du festival Quartiers en sc\u00e8ne organis\u00e9 par le Cercle Paul Bert, dont le th\u00e8me \u00e9tait &laquo;&nbsp;Parcours de femmes&nbsp;&raquo; et qui propose \u00e9galement quatre projections du film Histoire d&rsquo;un secret. Octobre : exposition \u00e0 la galerie de la Ligue de l&rsquo;Enseignement, [&hellip;]<\/p>\n","protected":false},"author":1,"featured_media":0,"parent":0,"menu_order":0,"comment_status":"open","ping_status":"open","template":"","meta":{"_exactmetrics_skip_tracking":false,"_exactmetrics_sitenote_active":false,"_exactmetrics_sitenote_note":"","_exactmetrics_sitenote_category":0,"footnotes":""},"_links":{"self":[{"href":"https:\/\/clotildevautier.fr\/index.php?rest_route=\/wp\/v2\/pages\/10"}],"collection":[{"href":"https:\/\/clotildevautier.fr\/index.php?rest_route=\/wp\/v2\/pages"}],"about":[{"href":"https:\/\/clotildevautier.fr\/index.php?rest_route=\/wp\/v2\/types\/page"}],"author":[{"embeddable":true,"href":"https:\/\/clotildevautier.fr\/index.php?rest_route=\/wp\/v2\/users\/1"}],"replies":[{"embeddable":true,"href":"https:\/\/clotildevautier.fr\/index.php?rest_route=%2Fwp%2Fv2%2Fcomments&post=10"}],"version-history":[{"count":3,"href":"https:\/\/clotildevautier.fr\/index.php?rest_route=\/wp\/v2\/pages\/10\/revisions"}],"predecessor-version":[{"id":464,"href":"https:\/\/clotildevautier.fr\/index.php?rest_route=\/wp\/v2\/pages\/10\/revisions\/464"}],"wp:attachment":[{"href":"https:\/\/clotildevautier.fr\/index.php?rest_route=%2Fwp%2Fv2%2Fmedia&parent=10"}],"curies":[{"name":"wp","href":"https:\/\/api.w.org\/{rel}","templated":true}]}}