{"id":15,"date":"2013-03-21T22:24:04","date_gmt":"2013-03-21T22:24:04","guid":{"rendered":"http:\/\/v2.clotildevautier.org\/?page_id=15"},"modified":"2021-02-01T00:41:12","modified_gmt":"2021-01-31T23:41:12","slug":"le-livre","status":"publish","type":"page","link":"https:\/\/clotildevautier.fr\/?page_id=15","title":{"rendered":"le livre"},"content":{"rendered":"<p>La premi\u00e8re \u00e9dition du livre sur l\u2019\u0153uvre de Clotilde Vautier qui reproduit son \u0153uvre complet et int\u00e8gre le DVD d\u2019Histoire d\u2019un secret de Mariana Otero, \u00e9dit\u00e9 par les \u00e9ditions du Carabe, a \u00e9t\u00e9 rapidement \u00e9puis\u00e9e<\/p>\n<p>Une autre \u00e9dition, augment\u00e9e d&rsquo;une soixantaine d&rsquo;oeuvres retrouv\u00e9es, et toujours accompagn\u00e9e du DVD du film de Mariana Otero, est parue \u00a0aux \u00e9ditions rennaises du Petit D\u00e9mon.<br \/>\nCette nouvelle \u00e9dition a \u00e9t\u00e9 soutenue par la Ville de Rennes et aid\u00e9e, par une souscription et des pr\u00eats consentis par des membres de l&rsquo;association et garantis par celle-ci.<\/p>\n<p>Ce livre peut \u00eatre command\u00e9 directement \u00e0 l\u2019association.<\/p>\n<p>&nbsp;<\/p>\n<p><a href=\"http:\/\/clotildevautier.fr\/wp-content\/uploads\/2018\/05\/20180503_185824.jpg\"><img loading=\"lazy\" decoding=\"async\" class=\"size-medium wp-image-554 aligncenter\" src=\"http:\/\/clotildevautier.fr\/wp-content\/uploads\/2018\/05\/20180503_185824-300x300.jpg\" alt=\"\" width=\"300\" height=\"300\" srcset=\"https:\/\/clotildevautier.fr\/wp-content\/uploads\/2018\/05\/20180503_185824-300x300.jpg 300w, https:\/\/clotildevautier.fr\/wp-content\/uploads\/2018\/05\/20180503_185824-150x150.jpg 150w, https:\/\/clotildevautier.fr\/wp-content\/uploads\/2018\/05\/20180503_185824-768x768.jpg 768w, https:\/\/clotildevautier.fr\/wp-content\/uploads\/2018\/05\/20180503_185824-1024x1024.jpg 1024w, https:\/\/clotildevautier.fr\/wp-content\/uploads\/2018\/05\/20180503_185824-624x624.jpg 624w\" sizes=\"(max-width: 300px) 100vw, 300px\" \/><\/a><\/p>\n","protected":false},"excerpt":{"rendered":"<p>La premi\u00e8re \u00e9dition du livre sur l\u2019\u0153uvre de Clotilde Vautier qui reproduit son \u0153uvre complet et int\u00e8gre le DVD d\u2019Histoire d\u2019un secret de Mariana Otero, \u00e9dit\u00e9 par les \u00e9ditions du Carabe, a \u00e9t\u00e9 rapidement \u00e9puis\u00e9e Une autre \u00e9dition, augment\u00e9e d&rsquo;une soixantaine d&rsquo;oeuvres retrouv\u00e9es, et toujours accompagn\u00e9e du DVD du film de Mariana Otero, est parue [&hellip;]<\/p>\n","protected":false},"author":1,"featured_media":0,"parent":14,"menu_order":0,"comment_status":"open","ping_status":"open","template":"","meta":{"_exactmetrics_skip_tracking":false,"_exactmetrics_sitenote_active":false,"_exactmetrics_sitenote_note":"","_exactmetrics_sitenote_category":0,"footnotes":""},"_links":{"self":[{"href":"https:\/\/clotildevautier.fr\/index.php?rest_route=\/wp\/v2\/pages\/15"}],"collection":[{"href":"https:\/\/clotildevautier.fr\/index.php?rest_route=\/wp\/v2\/pages"}],"about":[{"href":"https:\/\/clotildevautier.fr\/index.php?rest_route=\/wp\/v2\/types\/page"}],"author":[{"embeddable":true,"href":"https:\/\/clotildevautier.fr\/index.php?rest_route=\/wp\/v2\/users\/1"}],"replies":[{"embeddable":true,"href":"https:\/\/clotildevautier.fr\/index.php?rest_route=%2Fwp%2Fv2%2Fcomments&post=15"}],"version-history":[{"count":7,"href":"https:\/\/clotildevautier.fr\/index.php?rest_route=\/wp\/v2\/pages\/15\/revisions"}],"predecessor-version":[{"id":791,"href":"https:\/\/clotildevautier.fr\/index.php?rest_route=\/wp\/v2\/pages\/15\/revisions\/791"}],"up":[{"embeddable":true,"href":"https:\/\/clotildevautier.fr\/index.php?rest_route=\/wp\/v2\/pages\/14"}],"wp:attachment":[{"href":"https:\/\/clotildevautier.fr\/index.php?rest_route=%2Fwp%2Fv2%2Fmedia&parent=15"}],"curies":[{"name":"wp","href":"https:\/\/api.w.org\/{rel}","templated":true}]}}