{"id":27,"date":"2013-03-21T22:32:08","date_gmt":"2013-03-21T22:32:08","guid":{"rendered":"http:\/\/v2.clotildevautier.org\/?page_id=27"},"modified":"2018-05-20T16:09:37","modified_gmt":"2018-05-20T15:09:37","slug":"association","status":"publish","type":"page","link":"https:\/\/clotildevautier.fr\/?page_id=27","title":{"rendered":"association"},"content":{"rendered":"<p><strong>L&rsquo;ASSOCIATION &laquo;&nbsp;LES AMIS DU PEINTRE CLOTILDE VAUTIER&nbsp;&raquo;<\/strong><\/p>\n<p>L&rsquo;association Les Amis du peintre Clotilde Vautier a \u00e9t\u00e9 cr\u00e9e \u00e0 Rennes, le 1er septembre 2001. Elle regroupe aujourd&rsquo;hui 380 membres autour du mari de Clotilde Vautier, Antonio Otero, et de ses filles, Isabel et Mariana Otero. L&rsquo;objectif principal de l&rsquo;association \u00e9tait alors la publication d&rsquo;un livre, aujourd&rsquo;hui \u00e9puis\u00e9, paru en 2004 aux Editions du Carabe, accompagn\u00e9 du c\u00e9d\u00e9rom du film Histoire d&rsquo;un secret de Mariana Otero. Elle a voulu faire red\u00e9couvrir une artiste dont l&rsquo; oeuvre est d&rsquo;une beaut\u00e9 et d&rsquo;une force rare et le destin bris\u00e9 embl\u00e9matique de l&rsquo;histoire des femmes.<\/p>\n<p>Cette red\u00e9couverte a \u00e9t\u00e9 entreprise \u00e0 travers une s\u00e9rie d&rsquo;actions :<\/p>\n<p>-ouverture d&rsquo;un site internet<\/p>\n<p>-organisation d&rsquo;expositions dans plusieurs villes de France et en Espagne<\/p>\n<p>-cr\u00e9ation, en hommage \u00e0 Clotilde Vautier, d&rsquo;un cycle de conf\u00e9rences sur le th\u00e8me de La place et l&rsquo;image des femmes dans la vie artistique et litt\u00e9raire<\/p>\n<p>-pr\u00e9sence dans de nombreux d\u00e9bats du Planning familial o\u00f9 est projet\u00e9 le film Histoire dun secret<\/p>\n<p>-participation aux journ\u00e9es internationales des femmes, \u00e0 Rennes<\/p>\n<p>L&rsquo;association a collabor\u00e9 \u00e0 la diffusion de la souscription pour la r\u00e9\u00e9dition du livre qui comprend des oeuves retrouv\u00e9es depuis la premi\u00e8re \u00e9dition.<\/p>\n<p>Elle \u00e9tudie les demandes d&rsquo;expositions qui lui parviennent et pr\u00eate gratuitement les oeuvres, seuls les frais (assurances, transport, emballage, d\u00e9ballage, accrochage, communication) \u00e9tant pris en charge par l&rsquo;exposant. Il suffit d&rsquo;adresser une demande \u00e0 l&rsquo;association par lettre ou courriel .<\/p>\n<p>L&rsquo;association est favorable \u00e0 tout partenariat et m\u00e9c\u00e9nat qui pourrait permettre d&rsquo;exposer, de fa\u00e7on permanente, les oeuvres de Clotilde Vautier dans un lieu qui serait accessible au public.<\/p>\n","protected":false},"excerpt":{"rendered":"<p>L&rsquo;ASSOCIATION &laquo;&nbsp;LES AMIS DU PEINTRE CLOTILDE VAUTIER&nbsp;&raquo; L&rsquo;association Les Amis du peintre Clotilde Vautier a \u00e9t\u00e9 cr\u00e9e \u00e0 Rennes, le 1er septembre 2001. Elle regroupe aujourd&rsquo;hui 380 membres autour du mari de Clotilde Vautier, Antonio Otero, et de ses filles, Isabel et Mariana Otero. L&rsquo;objectif principal de l&rsquo;association \u00e9tait alors la publication d&rsquo;un livre, aujourd&rsquo;hui [&hellip;]<\/p>\n","protected":false},"author":1,"featured_media":0,"parent":0,"menu_order":0,"comment_status":"open","ping_status":"open","template":"","meta":{"_exactmetrics_skip_tracking":false,"_exactmetrics_sitenote_active":false,"_exactmetrics_sitenote_note":"","_exactmetrics_sitenote_category":0,"footnotes":""},"_links":{"self":[{"href":"https:\/\/clotildevautier.fr\/index.php?rest_route=\/wp\/v2\/pages\/27"}],"collection":[{"href":"https:\/\/clotildevautier.fr\/index.php?rest_route=\/wp\/v2\/pages"}],"about":[{"href":"https:\/\/clotildevautier.fr\/index.php?rest_route=\/wp\/v2\/types\/page"}],"author":[{"embeddable":true,"href":"https:\/\/clotildevautier.fr\/index.php?rest_route=\/wp\/v2\/users\/1"}],"replies":[{"embeddable":true,"href":"https:\/\/clotildevautier.fr\/index.php?rest_route=%2Fwp%2Fv2%2Fcomments&post=27"}],"version-history":[{"count":3,"href":"https:\/\/clotildevautier.fr\/index.php?rest_route=\/wp\/v2\/pages\/27\/revisions"}],"predecessor-version":[{"id":528,"href":"https:\/\/clotildevautier.fr\/index.php?rest_route=\/wp\/v2\/pages\/27\/revisions\/528"}],"wp:attachment":[{"href":"https:\/\/clotildevautier.fr\/index.php?rest_route=%2Fwp%2Fv2%2Fmedia&parent=27"}],"curies":[{"name":"wp","href":"https:\/\/api.w.org\/{rel}","templated":true}]}}