{"id":30,"date":"2013-03-21T22:32:42","date_gmt":"2013-03-21T22:32:42","guid":{"rendered":"http:\/\/v2.clotildevautier.org\/?page_id=30"},"modified":"2020-02-23T22:21:59","modified_gmt":"2020-02-23T21:21:59","slug":"adherer","status":"publish","type":"page","link":"https:\/\/clotildevautier.fr\/?page_id=30","title":{"rendered":"adh\u00e9rer"},"content":{"rendered":"<p>Pour adh\u00e9rer \u00e0 l&rsquo;association &laquo;&nbsp;Les amis du peintre Clotilde Vautier&nbsp;&raquo;, il vous suffit de t\u00e9l\u00e9charger et de remplir le document suivant:<\/p>\n<p><a href=\"http:\/\/clotildevautier.fr\/wp-content\/uploads\/2013\/03\/adhesion.pdf\">adh\u00e9sion<\/a><\/p>\n","protected":false},"excerpt":{"rendered":"<p>Pour adh\u00e9rer \u00e0 l&rsquo;association &laquo;&nbsp;Les amis du peintre Clotilde Vautier&nbsp;&raquo;, il vous suffit de t\u00e9l\u00e9charger et de remplir le document suivant: adh\u00e9sion<\/p>\n","protected":false},"author":1,"featured_media":0,"parent":27,"menu_order":0,"comment_status":"open","ping_status":"open","template":"","meta":{"_exactmetrics_skip_tracking":false,"_exactmetrics_sitenote_active":false,"_exactmetrics_sitenote_note":"","_exactmetrics_sitenote_category":0,"footnotes":""},"_links":{"self":[{"href":"https:\/\/clotildevautier.fr\/index.php?rest_route=\/wp\/v2\/pages\/30"}],"collection":[{"href":"https:\/\/clotildevautier.fr\/index.php?rest_route=\/wp\/v2\/pages"}],"about":[{"href":"https:\/\/clotildevautier.fr\/index.php?rest_route=\/wp\/v2\/types\/page"}],"author":[{"embeddable":true,"href":"https:\/\/clotildevautier.fr\/index.php?rest_route=\/wp\/v2\/users\/1"}],"replies":[{"embeddable":true,"href":"https:\/\/clotildevautier.fr\/index.php?rest_route=%2Fwp%2Fv2%2Fcomments&post=30"}],"version-history":[{"count":7,"href":"https:\/\/clotildevautier.fr\/index.php?rest_route=\/wp\/v2\/pages\/30\/revisions"}],"predecessor-version":[{"id":716,"href":"https:\/\/clotildevautier.fr\/index.php?rest_route=\/wp\/v2\/pages\/30\/revisions\/716"}],"up":[{"embeddable":true,"href":"https:\/\/clotildevautier.fr\/index.php?rest_route=\/wp\/v2\/pages\/27"}],"wp:attachment":[{"href":"https:\/\/clotildevautier.fr\/index.php?rest_route=%2Fwp%2Fv2%2Fmedia&parent=30"}],"curies":[{"name":"wp","href":"https:\/\/api.w.org\/{rel}","templated":true}]}}