{"id":32,"date":"2013-03-21T22:35:09","date_gmt":"2013-03-21T22:35:09","guid":{"rendered":"http:\/\/v2.clotildevautier.org\/?page_id=32"},"modified":"2023-05-22T21:11:55","modified_gmt":"2023-05-22T20:11:55","slug":"home","status":"publish","type":"page","link":"https:\/\/clotildevautier.fr\/","title":{"rendered":"Home"},"content":{"rendered":"<h1 style=\"text-align: center;\">NOUVEAU<\/h1>\n<p>Une exposition-vente de plusieurs oeuvres de Clotilde Vautier aura lieu du 1er &nbsp;au 30 juin \u00e0 &laquo;&nbsp;L&rsquo;Espace des Femmes&nbsp;&raquo;, Librairie des Femmes&nbsp;&raquo;, 27 rue Jacob, Paris (6e). Voir &laquo;&nbsp;<a href=\"https:\/\/clotildevautier.fr\/?page_id=807\">Actualit\u00e9s<\/a>&nbsp;&raquo;<\/p>\n<p><strong>Association &laquo;&nbsp;Les amis du peintre Clotilde Vautier&nbsp;&raquo;<\/strong><\/p>\n<p>Clotilde Vautier, peintre de grand talent, fut une des figures de la vie culturelle rennaise des ann\u00e9es 60.<br \/>\nDisparue tragiquement en 1968, elle a \u00e9t\u00e9 red\u00e9couverte gr\u00e2ce au film d&rsquo;une de ses filles, Mariana Otero, &laquo;&nbsp;Histoire d&rsquo;un secret&nbsp;&raquo;, sorti en octobre 2003.<\/p>\n<p>Une association, &laquo;&nbsp;Les Amis du peintre Clotilde Vautier&nbsp;&raquo;, a vu le jour en septembre 2001, avec comme objectif de prendre toutes les initiatives possibles pour que cette artiste retrouve l&rsquo;audience qu&rsquo;elle m\u00e9rite.<\/p>\n<p>Depuis un livre reproduisant l&rsquo;ensemble de son oeuvre accompagn\u00e9 du DVD a \u00e9t\u00e9 \u00e9dit\u00e9 \u00e0 1 500 exemplaires. Il vient d&rsquo;\u00eatre r\u00e9\u00e9dit\u00e9, augment\u00e9 de plusieurs oeuvres retrouv\u00e9es et toujours accompagn\u00e9 du film de Mariana Otero, &laquo;&nbsp;Histoire d&rsquo;un secret&nbsp;&raquo;.<\/p>\n<p>De nombreuses expositions ont eu lieu dans toute la France et aussi en Espagne.<\/p>\n<p>Une rue, un coll\u00e8ge, un centre de Planning familial ont d\u00e9j\u00e0 pris son nom&#8230;<\/p>\n<p>D&rsquo;autres \u00e9v\u00e9nements sont \u00e0 venir&#8230;<\/p>\n","protected":false},"excerpt":{"rendered":"<p>NOUVEAU Une exposition-vente de plusieurs oeuvres de Clotilde Vautier aura lieu du 1er &nbsp;au 30 juin \u00e0 &laquo;&nbsp;L&rsquo;Espace des Femmes&nbsp;&raquo;, Librairie des Femmes&nbsp;&raquo;, 27 rue Jacob, Paris (6e). Voir &laquo;&nbsp;Actualit\u00e9s&nbsp;&raquo; Association &laquo;&nbsp;Les amis du peintre Clotilde Vautier&nbsp;&raquo; Clotilde Vautier, peintre de grand talent, fut une des figures de la vie culturelle rennaise des ann\u00e9es 60. [&hellip;]<\/p>\n","protected":false},"author":1,"featured_media":0,"parent":0,"menu_order":0,"comment_status":"open","ping_status":"open","template":"","meta":{"_exactmetrics_skip_tracking":false,"_exactmetrics_sitenote_active":false,"_exactmetrics_sitenote_note":"","_exactmetrics_sitenote_category":0,"footnotes":""},"_links":{"self":[{"href":"https:\/\/clotildevautier.fr\/index.php?rest_route=\/wp\/v2\/pages\/32"}],"collection":[{"href":"https:\/\/clotildevautier.fr\/index.php?rest_route=\/wp\/v2\/pages"}],"about":[{"href":"https:\/\/clotildevautier.fr\/index.php?rest_route=\/wp\/v2\/types\/page"}],"author":[{"embeddable":true,"href":"https:\/\/clotildevautier.fr\/index.php?rest_route=\/wp\/v2\/users\/1"}],"replies":[{"embeddable":true,"href":"https:\/\/clotildevautier.fr\/index.php?rest_route=%2Fwp%2Fv2%2Fcomments&post=32"}],"version-history":[{"count":15,"href":"https:\/\/clotildevautier.fr\/index.php?rest_route=\/wp\/v2\/pages\/32\/revisions"}],"predecessor-version":[{"id":833,"href":"https:\/\/clotildevautier.fr\/index.php?rest_route=\/wp\/v2\/pages\/32\/revisions\/833"}],"wp:attachment":[{"href":"https:\/\/clotildevautier.fr\/index.php?rest_route=%2Fwp%2Fv2%2Fmedia&parent=32"}],"curies":[{"name":"wp","href":"https:\/\/api.w.org\/{rel}","templated":true}]}}