{"id":5,"date":"2013-03-21T22:19:17","date_gmt":"2013-03-21T22:19:17","guid":{"rendered":"http:\/\/v2.clotildevautier.org\/?page_id=5"},"modified":"2013-06-16T17:51:02","modified_gmt":"2013-06-16T16:51:02","slug":"expositions","status":"publish","type":"page","link":"https:\/\/clotildevautier.fr\/?page_id=5","title":{"rendered":"expositions"},"content":{"rendered":"<p>1968\u00a0\u00a0\u00a0\u00a0 Mars : exposition personnelle \u00e0 la galerie Desgranges, \u00e0 Rennes<\/p>\n<p>Octobre : exposition de groupe Peintres Rennais \u00e0 Louvains, en Belgique<\/p>\n<p>Septembre : prix du Nu et\u00a0 Prix du Portrait au XVIIIe Grand Prix International de Deauville pour La Grande Rousse et Femme lisant<\/p>\n<p>1967\u00a0\u00a0\u00a0\u00a0 Juin : deuxi\u00e8me au concours de la Casa de Velazquez<\/p>\n<p>Juillet : exposition de l&rsquo;Atelier des 3, \u00e0 la galerie &laquo;&nbsp;La Peau de l&rsquo;Ours&nbsp;&raquo;, \u00e0 Port-Louis (Morbihan)<\/p>\n<p>1966\u00a0\u00a0\u00a0\u00a0 Juin : exposition de groupe \u00e0 la galerie &laquo;&nbsp;Les Marmousets&nbsp;&raquo;, \u00e0 Plo\u00ebrmel (Morbihan)<\/p>\n<p>Mai : exposition de l&rsquo;Atelier des 3 \u00e0 la galerie La Peau de l&rsquo;Ours, \u00e0 Port-Louis<\/p>\n<p>F\u00e9vrier : exposition personnelle \u00e0 la Galerie de La Proue, \u00e0 Rennes<\/p>\n<p>1965\u00a0\u00a0\u00a0\u00a0 Avril : exposition de l&rsquo;Atelier des 3 \u00e0 la galerie de La Proue, \u00e0 Rennes<\/p>\n<p>1964\u00a0\u00a0\u00a0\u00a0 Juillet : Grand Prix au salon international de peinture de Dou\u00e9-La-Fontaine pour Isabel \u00e0 la rose<\/p>\n<p>1963\u00a0\u00a0\u00a0\u00a0 Mars : exposition de l&rsquo;Atelier des 3 \u00e0 la galerie Jobb\u00e9-Duval, \u00e0 Rennes<\/p>\n<p>1962\u00a0\u00a0\u00a0\u00a0 F\u00e9vrier : exposition de l&rsquo;Atelier des 3 \u00e0 la galerie Perdriel, \u00e0 Rennes<\/p>\n<p>1961\u00a0\u00a0\u00a0\u00a0 Novembre : cr\u00e9ation, avec Antonio et Mariano Otero, de l&rsquo;Atelier des 3<\/p>\n","protected":false},"excerpt":{"rendered":"<p>1968\u00a0\u00a0\u00a0\u00a0 Mars : exposition personnelle \u00e0 la galerie Desgranges, \u00e0 Rennes Octobre : exposition de groupe Peintres Rennais \u00e0 Louvains, en Belgique Septembre : prix du Nu et\u00a0 Prix du Portrait au XVIIIe Grand Prix International de Deauville pour La Grande Rousse et Femme lisant 1967\u00a0\u00a0\u00a0\u00a0 Juin : deuxi\u00e8me au concours de la Casa de [&hellip;]<\/p>\n","protected":false},"author":1,"featured_media":0,"parent":4,"menu_order":0,"comment_status":"open","ping_status":"open","template":"","meta":{"_exactmetrics_skip_tracking":false,"_exactmetrics_sitenote_active":false,"_exactmetrics_sitenote_note":"","_exactmetrics_sitenote_category":0,"footnotes":""},"_links":{"self":[{"href":"https:\/\/clotildevautier.fr\/index.php?rest_route=\/wp\/v2\/pages\/5"}],"collection":[{"href":"https:\/\/clotildevautier.fr\/index.php?rest_route=\/wp\/v2\/pages"}],"about":[{"href":"https:\/\/clotildevautier.fr\/index.php?rest_route=\/wp\/v2\/types\/page"}],"author":[{"embeddable":true,"href":"https:\/\/clotildevautier.fr\/index.php?rest_route=\/wp\/v2\/users\/1"}],"replies":[{"embeddable":true,"href":"https:\/\/clotildevautier.fr\/index.php?rest_route=%2Fwp%2Fv2%2Fcomments&post=5"}],"version-history":[{"count":6,"href":"https:\/\/clotildevautier.fr\/index.php?rest_route=\/wp\/v2\/pages\/5\/revisions"}],"predecessor-version":[{"id":441,"href":"https:\/\/clotildevautier.fr\/index.php?rest_route=\/wp\/v2\/pages\/5\/revisions\/441"}],"up":[{"embeddable":true,"href":"https:\/\/clotildevautier.fr\/index.php?rest_route=\/wp\/v2\/pages\/4"}],"wp:attachment":[{"href":"https:\/\/clotildevautier.fr\/index.php?rest_route=%2Fwp%2Fv2%2Fmedia&parent=5"}],"curies":[{"name":"wp","href":"https:\/\/api.w.org\/{rel}","templated":true}]}}